{"id":3266,"date":"2023-12-18T23:39:01","date_gmt":"2023-12-18T21:39:01","guid":{"rendered":"https:\/\/www.camponovorevisionsrecht.ch\/?post_type=product&#038;p=3266"},"modified":"2025-02-07T22:28:31","modified_gmt":"2025-02-07T20:28:31","slug":"pacchetto-completo-eseminario-2024","status":"publish","type":"product","link":"https:\/\/www.camponovorevisionsrecht.ch\/it\/uda\/pacchetto-completo-eseminario-2024\/","title":{"rendered":"Pacchetto completo eSeminario 2024"},"content":{"rendered":"<h3><strong>Pacchetto completo eSeminario 2024<\/strong><\/h3>\n<p>Il pacchetto completo contiene circa 18unit\u00e0 di apprendimento, che non possono essere acquistate singolarmente.<\/p>\n<p>Credito a tempo 570 min<\/p>\n<p>&nbsp;<\/p>\n<p><span style=\"text-decoration: underline; color: #0000ff;\"><a style=\"color: #0000ff; text-decoration: underline;\" href=\"https:\/\/www.camponovorevisionsrecht.ch\/?mailpoet_router&amp;endpoint=track&amp;action=click&amp;data=WyIxOTU1IiwiNTU1YTFmIiwiMjE2IiwiN2YxYzdkMmQ4YzQzIixmYWxzZV0\">Indice 2024<\/a><\/span><\/p>\n<p>&nbsp;<\/p>\n<p>Nel 2024 l&#8217;attenzione si concentra sull&#8217;argomento pi\u00f9 importante per i revisori dal punto di vista del rischio: la revisione di clienti in difficolt\u00e0 finanziarie nell&#8217;ambito degli articoli 725 e 725b CO. Discutiamo i casi dei gruppi di casi tipici cos\u00ec come si verificano nella pratica, in modo che possiate avere una guida concreta quando le cose si complicano. Si tratta dei 3 classici brevi (riorganizzazione rapida, consiglio di amministrazione proattivo e paralizzato) e dei 2 classici complicati (misure di riorganizzazione ampie e incerte con o senza successo) e naturalmente il classico con il consiglio di amministrazione che fa castelli in aria invece di idee concrete di riorganizzazione e infine il classico dei revisori come pompa di dividendi per il fallimento. In questo ambito rientra anche l&#8217;importante caso della dimissione nel caso di clienti sovraindebitati. Ma c&#8217;\u00e8 anche un classico felice: I revisori escono indenni dalla vicenda, nonostante i loro notevoli errori. Una volta acquisita la padronanza di questi casi, il prossimo sar\u00e0 facile da affrontare.<\/p>\n","protected":false},"excerpt":{"rendered":"<p>Credito a tempo 570 min \/ Prezzo CHF 950.00<\/p>\n","protected":false},"featured_media":1739,"template":"","meta":[],"product_brand":[],"product_cat":[97],"product_tag":[],"class_list":{"0":"post-3266","1":"product","2":"type-product","3":"status-publish","4":"has-post-thumbnail","6":"product_cat-eseminario-2024","8":"first","9":"instock","10":"virtual","11":"sold-individually","12":"purchasable","13":"product-type-simple","14":"berocket_lgv_grid","15":"berocket_lgv_list_grid","16":"berocket_lgv_advanced"},"_links":{"self":[{"href":"https:\/\/www.camponovorevisionsrecht.ch\/it\/wp-json\/wp\/v2\/product\/3266","targetHints":{"allow":["GET"]}}],"collection":[{"href":"https:\/\/www.camponovorevisionsrecht.ch\/it\/wp-json\/wp\/v2\/product"}],"about":[{"href":"https:\/\/www.camponovorevisionsrecht.ch\/it\/wp-json\/wp\/v2\/types\/product"}],"wp:featuredmedia":[{"embeddable":true,"href":"https:\/\/www.camponovorevisionsrecht.ch\/it\/wp-json\/wp\/v2\/media\/1739"}],"wp:attachment":[{"href":"https:\/\/www.camponovorevisionsrecht.ch\/it\/wp-json\/wp\/v2\/media?parent=3266"}],"wp:term":[{"taxonomy":"product_brand","embeddable":true,"href":"https:\/\/www.camponovorevisionsrecht.ch\/it\/wp-json\/wp\/v2\/product_brand?post=3266"},{"taxonomy":"product_cat","embeddable":true,"href":"https:\/\/www.camponovorevisionsrecht.ch\/it\/wp-json\/wp\/v2\/product_cat?post=3266"},{"taxonomy":"product_tag","embeddable":true,"href":"https:\/\/www.camponovorevisionsrecht.ch\/it\/wp-json\/wp\/v2\/product_tag?post=3266"}],"curies":[{"name":"wp","href":"https:\/\/api.w.org\/{rel}","templated":true}]}}