{"id":2822,"date":"2022-09-11T22:13:27","date_gmt":"2022-09-11T20:13:27","guid":{"rendered":"https:\/\/www.camponovorevisionsrecht.ch\/?post_type=product&#038;p=2822"},"modified":"2025-02-07T22:33:08","modified_gmt":"2025-02-07T20:33:08","slug":"pacchetto-completo-eseminario-2022","status":"publish","type":"product","link":"https:\/\/www.camponovorevisionsrecht.ch\/it\/uda\/pacchetto-completo-eseminario-2022\/","title":{"rendered":"Pacchetto completo eSeminario 2022"},"content":{"rendered":"<h3><strong>Pacchetto completo eSeminario 2022<\/strong><\/h3>\n<p>Il pacchetto completo contiene circa 18unit\u00e0 di apprendimento, che non possono essere acquistate singolarmente.<\/p>\n<p>Credito a tempo 570 min<\/p>\n<p>&nbsp;<\/p>\n<p><a href=\"https:\/\/www.camponovorevisionsrecht.ch\/?mailpoet_router&amp;endpoint=track&amp;action=click&amp;data=WyIxOTU1IiwiNTU1YTFmIiwiMjE2IiwiZmY3NDJlNzFhNWZlIixmYWxzZV0\">Indice 2022<\/a><\/p>\n<p>&nbsp;<\/p>\n<p><strong>2 punti focali<\/strong><br \/>\n<strong>1. Area di tensione conflitti con il cliente \/ indipendenza \/ conflitti di interesse.<\/strong><br \/>\nQui vengono affrontate in modo approfondito le questioni importanti per l&#8217;obbligo di revisione, qual \u00e8 la cosa migliore da fare in situazioni di conflitto con il cliente. Questo importante argomento viene affrontato con cinque esempi pratici.<\/p>\n<p><strong>2. Contratti con se stesso del cliente<\/strong><br \/>\nLa seconda focalizzazione \u00e8 sul divieto di auto-tradimento da parte del cliente, perch\u00e9 contratti con se stesso portano all&#8217;invalidit\u00e0 dei contratti. La questione della tutela dei revisori viene affrontata in modo approfondito, perch\u00e9 i revisori sono particolarmente esposti a causa della loro conoscenza dei contratti. Questo importante argomento viene affrontato discutendo 6 casi giudiziari e 2 casi pratici.<\/p>\n","protected":false},"excerpt":{"rendered":"<p>Credito a tempo 570 min \/ Prezzo CHF 950.00<\/p>\n","protected":false},"featured_media":1739,"template":"","meta":[],"product_brand":[],"product_cat":[85],"product_tag":[],"class_list":{"0":"post-2822","1":"product","2":"type-product","3":"status-publish","4":"has-post-thumbnail","6":"product_cat-eseminario-2022-it","8":"first","9":"instock","10":"virtual","11":"sold-individually","12":"purchasable","13":"product-type-simple","14":"berocket_lgv_grid","15":"berocket_lgv_list_grid","16":"berocket_lgv_advanced"},"_links":{"self":[{"href":"https:\/\/www.camponovorevisionsrecht.ch\/it\/wp-json\/wp\/v2\/product\/2822","targetHints":{"allow":["GET"]}}],"collection":[{"href":"https:\/\/www.camponovorevisionsrecht.ch\/it\/wp-json\/wp\/v2\/product"}],"about":[{"href":"https:\/\/www.camponovorevisionsrecht.ch\/it\/wp-json\/wp\/v2\/types\/product"}],"wp:featuredmedia":[{"embeddable":true,"href":"https:\/\/www.camponovorevisionsrecht.ch\/it\/wp-json\/wp\/v2\/media\/1739"}],"wp:attachment":[{"href":"https:\/\/www.camponovorevisionsrecht.ch\/it\/wp-json\/wp\/v2\/media?parent=2822"}],"wp:term":[{"taxonomy":"product_brand","embeddable":true,"href":"https:\/\/www.camponovorevisionsrecht.ch\/it\/wp-json\/wp\/v2\/product_brand?post=2822"},{"taxonomy":"product_cat","embeddable":true,"href":"https:\/\/www.camponovorevisionsrecht.ch\/it\/wp-json\/wp\/v2\/product_cat?post=2822"},{"taxonomy":"product_tag","embeddable":true,"href":"https:\/\/www.camponovorevisionsrecht.ch\/it\/wp-json\/wp\/v2\/product_tag?post=2822"}],"curies":[{"name":"wp","href":"https:\/\/api.w.org\/{rel}","templated":true}]}}