{"id":2481,"date":"2021-09-07T09:11:28","date_gmt":"2021-09-07T07:11:28","guid":{"rendered":"https:\/\/www.camponovorevisionsrecht.ch\/?page_id=2481"},"modified":"2026-04-07T21:17:31","modified_gmt":"2026-04-07T19:17:31","slug":"seminari","status":"publish","type":"page","link":"https:\/\/www.camponovorevisionsrecht.ch\/it\/seminari\/","title":{"rendered":"Seminari"},"content":{"rendered":"<div class=\"wpb-content-wrapper\">[vc_row][vc_column][vc_column_text css=&#8221;&#8221;]<a href=\"https:\/\/www.camponovorevisionsrecht.ch\/web\/wp-content\/uploads\/2023\/12\/logo-blau.jpg\"><img loading=\"lazy\" decoding=\"async\" class=\"alignnone wp-image-3238\" src=\"https:\/\/www.camponovorevisionsrecht.ch\/web\/wp-content\/uploads\/2023\/12\/logo-blau-300x300.jpg\" alt=\"\" width=\"90\" height=\"90\" srcset=\"https:\/\/www.camponovorevisionsrecht.ch\/web\/wp-content\/uploads\/2023\/12\/logo-blau-300x300.jpg 300w, https:\/\/www.camponovorevisionsrecht.ch\/web\/wp-content\/uploads\/2023\/12\/logo-blau-150x150.jpg 150w, https:\/\/www.camponovorevisionsrecht.ch\/web\/wp-content\/uploads\/2023\/12\/logo-blau-50x50.jpg 50w, https:\/\/www.camponovorevisionsrecht.ch\/web\/wp-content\/uploads\/2023\/12\/logo-blau-80x80.jpg 80w, https:\/\/www.camponovorevisionsrecht.ch\/web\/wp-content\/uploads\/2023\/12\/logo-blau-263x263.jpg 263w, https:\/\/www.camponovorevisionsrecht.ch\/web\/wp-content\/uploads\/2023\/12\/logo-blau-100x100.jpg 100w, https:\/\/www.camponovorevisionsrecht.ch\/web\/wp-content\/uploads\/2023\/12\/logo-blau-255x255.jpg 255w, https:\/\/www.camponovorevisionsrecht.ch\/web\/wp-content\/uploads\/2023\/12\/logo-blau.jpg 361w\" sizes=\"auto, (max-width: 90px) 100vw, 90px\" \/><\/a><\/p>\n<p>&nbsp;<\/p>\n<p>Revisione \u2013 Diritto \u2013 Ufficio di Revisione<\/p>\n<h3>\u00abQuestioni giuridiche attuali per l&#8217;organo di revisione di PMI\u00bb<\/h3>\n<p>FORMATIONE INTENSIVA<\/p>\n<h4 style=\"font-weight: 400;\"><strong>Seminari dal 2026: la tradizione venticinquennale dei miei seminari di formazione continua proseguir\u00e0 nella forma e con la qualit\u00e0 consuete. Tuttavia, i seminari saranno disponibili solo online come eSeminari.<\/strong><\/h4>\n<p style=\"font-weight: 400;\">Da agosto 2020 ho creato per voi una piattaforma di e-learning. Molti formatori si sono registrati sulla piattaforma e anche dopo il coronavirus l&#8217;interesse \u00e8 molto alto. Questo mi incoraggia a continuare ad ampliare questa offerta promettente! Da allora si sono registrati numerosi formatori. Attualmente potete informarvi su questa offerta sulla homepage: <a href=\"http:\/\/www.camponovorevisionsrecht.ch\/eseminare\/\"><strong>www.camponovorevisionsrecht.ch\/eSeminario\/<\/strong><\/a><\/p>\n<p style=\"font-weight: 400;\">Le iscrizioni possono essere effettuate solo tramite questa homepage <a href=\"https:\/\/www.camponovorevisionsrecht.ch\/it\/eseminari\/eseminario-iscrizione\/\">(Iscrizione).<\/a> Vi prego di inviare le vostre richieste e i vostri commenti direttamente a me (<a href=\"mailto:rc@camponovorevisionsrecht.ch\">rc@camponovorevisionsrecht.ch<\/a>).<\/p>\n<p style=\"font-weight: 400;\">I miei seminari continuano comunque a svolgersi in formato live nella Svizzera romanda.<\/p>\n<p>&nbsp;<\/p>\n<p><strong>Questions juridiques d\u2019actualit\u00e9 pour l\u2019organe de r\u00e9vision PME \u2013 Formation intensive<\/strong><\/p>\n<p>R\u00e9vision \u2013 Droit \u2013 Organe de r\u00e9vision<\/p>\n<p>FORMATION INTENSIVE<\/p>\n<p>\u201eDroit de la r\u00e9vision en suisse\u201c<\/p>\n<p>&nbsp;<\/p>\n<p class=\"font_8 wixui-rich-text__text\"><span class=\"wixui-rich-text__text\">Les s\u00e9minaires journaliers les plus suivis de Suisse consacr\u00e9s aux th\u00e8mes du droit de la r\u00e9vision seront \u00e9galement propos\u00e9s <\/span>apr\u00e8s 2025. Les \u00e9ditions entre 2000 et 2014 ont \u00e9t\u00e9 organis\u00e9es par EXPERTsuisse sous la direction de Rico Camponovo pour la Suisse allemande et le Tessin et de Nicolas Cottier pour la Suisse romande. \u00c0 partir de 2015 \u2013 2018, le s\u00e9minaire \u00e9tait organis\u00e9 par le centre de comp\u00e9tence pour le droit de la r\u00e9vision. A partir de 2019, Rico Camponovo, avec Nicolas Cottier en Suisse romande, se chargent directement de l\u2019organisation du s\u00e9minaire.<\/p>\n<p class=\"font_8 wixui-rich-text__text\"><span class=\"wixui-rich-text__text\"><span class=\"wixGuard wixui-rich-text__text\">\u200b<\/span><\/span><\/p>\n<p>A partir de 2024, Nicolas Cottier sera seul responsable de l\u2019organisation du s\u00e9minaire en Suisse romande. Il pourra toutefois continuer \u00e0 profiter des cas pratiques issus des s\u00e9minaires de Rico Camponovo. Pour l\u2019inscription au s\u00e9minaire utilisez ce lien&nbsp;:<\/p>\n<p>&nbsp;<\/p>\n<p><a href=\"https:\/\/www.cdcavocats.ch\/seminaire\">https:\/\/www.cdcavocats.ch\/seminaire<\/a><\/p>\n<p>&nbsp;<\/p>\n<p style=\"font-weight: 400;\">Tutte le informazioni sugli eSeminari, compreso il modulo di iscrizione, sono disponibili nelle pagine seguenti.<\/p>\n[\/vc_column_text][vc_btn title=&#8221;Iscrivere&#8221; shape=&#8221;square&#8221; color=&#8221;default&#8221; css=&#8221;&#8221; link=&#8221;url:https%3A%2F%2Fwww.camponovorevisionsrecht.ch%2Fit%2Feseminari%2Feseminario-iscrizione%2F|title:Iscrivere%20seminari&#8221;][\/vc_column][\/vc_row]\n<\/div>","protected":false},"excerpt":{"rendered":"<p>[vc_row][vc_column][vc_column_text css=&#8221;&#8221;] &nbsp; Revisione \u2013 Diritto \u2013 Ufficio di Revisione \u00abQuestioni giuridiche attuali per l&#8217;organo di revisione di PMI\u00bb FORMATIONE INTENSIVA Seminari dal 2026: la tradizione venticinquennale dei miei seminari di formazione continua proseguir\u00e0 nella forma e con la qualit\u00e0 consuete. Tuttavia, i seminari saranno disponibili solo online come eSeminari. Da agosto 2020 ho creato [&hellip;]<\/p>\n","protected":false},"author":1,"featured_media":0,"parent":0,"menu_order":0,"comment_status":"closed","ping_status":"closed","template":"","meta":{"footnotes":""},"class_list":["post-2481","page","type-page","status-publish","hentry"],"_links":{"self":[{"href":"https:\/\/www.camponovorevisionsrecht.ch\/it\/wp-json\/wp\/v2\/pages\/2481","targetHints":{"allow":["GET"]}}],"collection":[{"href":"https:\/\/www.camponovorevisionsrecht.ch\/it\/wp-json\/wp\/v2\/pages"}],"about":[{"href":"https:\/\/www.camponovorevisionsrecht.ch\/it\/wp-json\/wp\/v2\/types\/page"}],"author":[{"embeddable":true,"href":"https:\/\/www.camponovorevisionsrecht.ch\/it\/wp-json\/wp\/v2\/users\/1"}],"replies":[{"embeddable":true,"href":"https:\/\/www.camponovorevisionsrecht.ch\/it\/wp-json\/wp\/v2\/comments?post=2481"}],"version-history":[{"count":9,"href":"https:\/\/www.camponovorevisionsrecht.ch\/it\/wp-json\/wp\/v2\/pages\/2481\/revisions"}],"predecessor-version":[{"id":3841,"href":"https:\/\/www.camponovorevisionsrecht.ch\/it\/wp-json\/wp\/v2\/pages\/2481\/revisions\/3841"}],"wp:attachment":[{"href":"https:\/\/www.camponovorevisionsrecht.ch\/it\/wp-json\/wp\/v2\/media?parent=2481"}],"curies":[{"name":"wp","href":"https:\/\/api.w.org\/{rel}","templated":true}]}}