{"id":1474,"date":"2020-11-07T11:28:50","date_gmt":"2020-11-07T09:28:50","guid":{"rendered":"https:\/\/www.camponovorevisionsrecht.ch\/seminari\/contenuto-del-seminario\/"},"modified":"2026-04-07T21:19:36","modified_gmt":"2026-04-07T19:19:36","slug":"contenuto-del-seminario","status":"publish","type":"page","link":"https:\/\/www.camponovorevisionsrecht.ch\/it\/seminari\/contenuto-del-seminario\/","title":{"rendered":"Contenuto del seminario"},"content":{"rendered":"<div class=\"wpb-content-wrapper\">[vc_row][vc_column][vc_column_text css=&#8221;&#8221;]\n<h2>Questioni giuridiche attuali per l\u2019organo di revisione di PMI<\/h2>\n[\/vc_column_text][\/vc_column][vc_column][vc_column_text css=&#8221;&#8221;]Revisione \u2013 Diritto \u2013 Organo di revisione<\/p>\n<h3>\u00abDiritto della revisione in svizzera\u00bb<\/h3>\n[\/vc_column_text][vc_column_text css=&#8221;&#8221;]\n<h4>Il seminario molto apprezzato sar\u00e0 offerto anche a partire dal 2026<\/h4>\n<p>I seminari giornalieri di maggior successo in Svizzera dedicati a tematiche di diritto di revisione continueranno a svolgersi anche a partire dal 2026 con la consueta modalit\u00e0 e qualit\u00e0, ma saranno disponibili solo come eSeminari. Negli anni 2000-2014 \u00e8 stato tenuto da Rico A. Camponovo per EXPERTsuisse, mentre dal 2015 al 2018 \u00e8 stato organizzato dal Centro di competenza per il diritto di revisione. A partire dal 2019, il seminario collaudato e apprezzato sar\u00e0 organizzato da R.A. Camponovo, mentre lo stesso relatore esperto in Romandia, Nicolas Cottier, guider\u00e0 i partecipanti attraverso gli argomenti trattati.[\/vc_column_text][vc_column_text css=&#8221;&#8221;]\n<h4>Alta intensit\u00e0 \u2013 circa 25-32 casi di studio \u2013 concentrati in circa 6-8 ore<\/h4>\n[\/vc_column_text][vc_column_text css=&#8221;&#8221;]\n<h4>Contenuti consolidati del seminario<\/h4>\n<p>Casi tratti dalla pratica di consulenza, giudiziaria, di abilitazione e di sorveglianza<\/p>\n<ul>\n<li><strong>Casi pratici attualmente<\/strong> esistenti relativi ai compiti dell&#8217;ufficio di revisione (responsabilit\u00e0, avviso al giudice in caso di manifestamente sovraindebitamento, art. 725 CO, questioni di responsabilit\u00e0, revisione annuale, obblighi di informazione, verifiche speciali, limitazioni, osservazioni, integrazioni, indipendenza, art. 727 CO, questioni di opting, nuovo diritto contabile, compiti del fiduciario nei mandati di contabilit\u00e0 e di chiusura dei conti e molto altro ancora).<\/li>\n<li><strong>Decisioni giudiziarie attualmente<\/strong> in vigore sulla responsabilit\u00e0 degli uffici di revisione (responsabilit\u00e0 di revisione, diritto penale, diritto di vigilanza) e del consiglio di amministrazione<\/li>\n<li><strong>Decisioni attuali<\/strong> e prassi dell&#8217;Autorit\u00e0 federale di sorveglianza dei revisori ASR<\/li>\n<\/ul>\n[\/vc_column_text][vc_column_text css=&#8221;&#8221;]\n<h4>La ricetta del successo del seminario<\/h4>\n<p>Il grande successo dei seminari \u00e8 dovuto alla solida esperienza, al bagaglio di conoscenze e alla notoriet\u00e0 dei relatori, che da decenni forniscono consulenza agli uffici di revisione e sono attivi nella formazione continua. Il relatore principale \u00e8 Rico A. Camponovo, che nella sua attivit\u00e0 professionale di consulente di uffici di revisione si occupa costantemente di questioni giuridiche e pratiche. Il suo campo di attivit\u00e0 e la sua esperienza si estendono a tutta la Svizzera e alle sentenze giudiziarie non pubblicate che sono rilevanti per il settore della revisione.[\/vc_column_text][vc_column_text css=&#8221;&#8221;]\n<h4>Altrettanto importante<\/h4>\n<p>Condizioni di partecipazione interessanti a partire dal terzo partecipante della stessa azienda con uno sconto del 50% nello stesso anno solare.<\/p>\n<p>In base alle direttive di settore, per il rinnovo dell&#8217;abilitazione l&#8217;ASR richiede di poter fornire una prova che dimostri di aver seguito almeno 1 giorno di formazione continua all&#8217;anno nel settore della revisione. Se, ad esempio, nel 2021 o nel 2022 non avete seguito tale formazione continua, potete compensare raddoppiando a 2 giorni la formazione continua in materia di revisione nell&#8217;anno successivo.<\/p>\n<p>Questo seminario \u00e8 considerato un seminario nel settore della revisione.[\/vc_column_text][vc_column_text css=&#8221;&#8221;]\n<h4>Attribuibilit\u00e0<\/h4>\n<p>Gli eSeminari offerti sono validi ai fini degli obblighi di formazione continua. Per ogni eSeminario sono indicati i relativi tempi di durata.[\/vc_column_text][\/vc_column][\/vc_row]\n<\/div>","protected":false},"excerpt":{"rendered":"<p>[vc_row][vc_column][vc_column_text css=&#8221;&#8221;] Questioni giuridiche attuali per l\u2019organo di revisione di PMI [\/vc_column_text][\/vc_column][vc_column][vc_column_text css=&#8221;&#8221;]Revisione \u2013 Diritto \u2013 Organo di revisione \u00abDiritto della revisione in svizzera\u00bb [\/vc_column_text][vc_column_text css=&#8221;&#8221;] Il seminario molto apprezzato sar\u00e0 offerto anche a partire dal 2026 I seminari giornalieri di maggior successo in Svizzera dedicati a tematiche di diritto di revisione continueranno a svolgersi [&hellip;]<\/p>\n","protected":false},"author":1,"featured_media":0,"parent":2481,"menu_order":2,"comment_status":"closed","ping_status":"closed","template":"","meta":{"footnotes":""},"class_list":["post-1474","page","type-page","status-publish","hentry"],"_links":{"self":[{"href":"https:\/\/www.camponovorevisionsrecht.ch\/it\/wp-json\/wp\/v2\/pages\/1474","targetHints":{"allow":["GET"]}}],"collection":[{"href":"https:\/\/www.camponovorevisionsrecht.ch\/it\/wp-json\/wp\/v2\/pages"}],"about":[{"href":"https:\/\/www.camponovorevisionsrecht.ch\/it\/wp-json\/wp\/v2\/types\/page"}],"author":[{"embeddable":true,"href":"https:\/\/www.camponovorevisionsrecht.ch\/it\/wp-json\/wp\/v2\/users\/1"}],"replies":[{"embeddable":true,"href":"https:\/\/www.camponovorevisionsrecht.ch\/it\/wp-json\/wp\/v2\/comments?post=1474"}],"version-history":[{"count":13,"href":"https:\/\/www.camponovorevisionsrecht.ch\/it\/wp-json\/wp\/v2\/pages\/1474\/revisions"}],"predecessor-version":[{"id":3842,"href":"https:\/\/www.camponovorevisionsrecht.ch\/it\/wp-json\/wp\/v2\/pages\/1474\/revisions\/3842"}],"up":[{"embeddable":true,"href":"https:\/\/www.camponovorevisionsrecht.ch\/it\/wp-json\/wp\/v2\/pages\/2481"}],"wp:attachment":[{"href":"https:\/\/www.camponovorevisionsrecht.ch\/it\/wp-json\/wp\/v2\/media?parent=1474"}],"curies":[{"name":"wp","href":"https:\/\/api.w.org\/{rel}","templated":true}]}}