{"id":1471,"date":"2020-11-07T11:28:16","date_gmt":"2020-11-07T09:28:16","guid":{"rendered":"https:\/\/www.camponovorevisionsrecht.ch\/seminari\/seminari-in-rassegna\/"},"modified":"2026-03-30T23:23:32","modified_gmt":"2026-03-30T21:23:32","slug":"seminari-in-rassegna","status":"publish","type":"page","link":"https:\/\/www.camponovorevisionsrecht.ch\/it\/seminari\/seminari-in-rassegna\/","title":{"rendered":"eSeminari in rassegna"},"content":{"rendered":"<div class=\"wpb-content-wrapper\">[vc_row][vc_column][vc_column_text css=&#8221;&#8221;]\n<h2>Questioni giuridiche attuali per l\u2019organo di revisione di PMI<\/h2>\n[\/vc_column_text][\/vc_column][vc_column][vc_column_text css=&#8221;&#8221;]\n<h4><span lang=\"EN-US\">Destinatari<\/span><\/h4>\n<p>I nostri seminari sono rivolti agli uffici di revisione, ai revisori dei conti, ai consulenti legali di societ\u00e0 fiduciarie e ad altri giuristi d&#8217;impresa e fiduciari che si occupano di questioni relative alla contabilit\u00e0, alla revisione, alla sorveglianza e alla responsabilit\u00e0.[\/vc_column_text][vc_column_text css=&#8221;&#8221;]\n<h4>Obiettivo<\/h4>\n<p>Il seminario affronta tutte le questioni in workshop, in modo che i partecipanti non ricevano solo nozioni teoriche, ma anche numerosi casi pratici che concretizzano la teoria nei dettagli, consentendo loro di acquisire una comprensione completa dell&#8217;argomento.[\/vc_column_text][vc_column_text css=&#8221;&#8221;]\n<h4>Metodologia<\/h4>\n<p>Casi di studio, insegnamento teorico basato sui casi, brevi relazioni.[\/vc_column_text][vc_column_text]\n<h4>Responsabile capo e relatore<\/h4>\n<p>Rico A. Camponovo, lic. iur. et lic. oec. publ., avvocato indipendente[\/vc_column_text][vc_column_text css=&#8221;&#8221;]\n<h4>Costi<\/h4>\n<p><span lang=\"EN-US\">Condizioni di partecipazione vantaggiose a partire dal terzo partecipante della stessa azienda con uno sconto del 50% sull&#8217;acquisto dello stesso corso online (nessuno sconto per corsi online con prezzo inferiore a CHF 400). Condizioni speciali a partire da otto partecipanti.<\/span>[\/vc_column_text][vc_column_text css=&#8221;&#8221;]\n<h4>Incluso<\/h4>\n<p>Invio della conferma di formazione continua via e-mail. Domande o commenti a Rico Camponovo o alla segreteria del corso.[\/vc_column_text][\/vc_column][\/vc_row]\n<\/div>","protected":false},"excerpt":{"rendered":"<p>[vc_row][vc_column][vc_column_text css=&#8221;&#8221;] Questioni giuridiche attuali per l\u2019organo di revisione di PMI [\/vc_column_text][\/vc_column][vc_column][vc_column_text css=&#8221;&#8221;] Destinatari I nostri seminari sono rivolti agli uffici di revisione, ai revisori dei conti, ai consulenti legali di societ\u00e0 fiduciarie e ad altri giuristi d&#8217;impresa e fiduciari che si occupano di questioni relative alla contabilit\u00e0, alla revisione, alla sorveglianza e alla responsabilit\u00e0.[\/vc_column_text][vc_column_text [&hellip;]<\/p>\n","protected":false},"author":1,"featured_media":0,"parent":2481,"menu_order":1,"comment_status":"closed","ping_status":"closed","template":"","meta":{"footnotes":""},"class_list":["post-1471","page","type-page","status-publish","hentry"],"_links":{"self":[{"href":"https:\/\/www.camponovorevisionsrecht.ch\/it\/wp-json\/wp\/v2\/pages\/1471","targetHints":{"allow":["GET"]}}],"collection":[{"href":"https:\/\/www.camponovorevisionsrecht.ch\/it\/wp-json\/wp\/v2\/pages"}],"about":[{"href":"https:\/\/www.camponovorevisionsrecht.ch\/it\/wp-json\/wp\/v2\/types\/page"}],"author":[{"embeddable":true,"href":"https:\/\/www.camponovorevisionsrecht.ch\/it\/wp-json\/wp\/v2\/users\/1"}],"replies":[{"embeddable":true,"href":"https:\/\/www.camponovorevisionsrecht.ch\/it\/wp-json\/wp\/v2\/comments?post=1471"}],"version-history":[{"count":9,"href":"https:\/\/www.camponovorevisionsrecht.ch\/it\/wp-json\/wp\/v2\/pages\/1471\/revisions"}],"predecessor-version":[{"id":3826,"href":"https:\/\/www.camponovorevisionsrecht.ch\/it\/wp-json\/wp\/v2\/pages\/1471\/revisions\/3826"}],"up":[{"embeddable":true,"href":"https:\/\/www.camponovorevisionsrecht.ch\/it\/wp-json\/wp\/v2\/pages\/2481"}],"wp:attachment":[{"href":"https:\/\/www.camponovorevisionsrecht.ch\/it\/wp-json\/wp\/v2\/media?parent=1471"}],"curies":[{"name":"wp","href":"https:\/\/api.w.org\/{rel}","templated":true}]}}