{"id":1468,"date":"2020-11-07T11:27:36","date_gmt":"2020-11-07T09:27:36","guid":{"rendered":"https:\/\/www.camponovorevisionsrecht.ch\/seminari\/novita-2020\/"},"modified":"2025-01-18T22:39:22","modified_gmt":"2025-01-18T20:39:22","slug":"novita-2024","status":"publish","type":"page","link":"https:\/\/www.camponovorevisionsrecht.ch\/it\/seminari\/novita-2024\/","title":{"rendered":"Novit\u00e0 2025"},"content":{"rendered":"<div class=\"wpb-content-wrapper\">[vc_row][vc_column][vc_column_text]\n<h2>Questioni giuridiche attuali per l\u2019organo di revisione di PMI &#8211; Formazione<br \/>\nintensiva<\/h2>\n[\/vc_column_text][\/vc_column][vc_column][vc_column_text css=&#8221;&#8221;]I seminari sono frequentati ogni anno di pi\u00f9. Le ringrazio molto per questo. Non so ancora se offrir\u00f2 ancora il seminario nel 2026 a causa del mio pensionamento! Tutto dipende del fatto se continuo nel 2026 con gli eseminari o no. Il materiale didattico sara disponibile anche prima del corso nella forma di pdf. Allora offriamo ai partecipanti la possibilit\u00e0 del download in anticipo.<\/p>\n<p>Da agosto 2020 sto costruendo una piattaforma di e-learning per voi. Da allora, numerosi studenti di formazione continua si sono iscritti. Questo mi incoraggia ad ampliare continuamente questa promettente offerta! Estender\u00f2 continuamente l&#8217;offerta anche in italiano. Attualmente potete informarvi su questa offerta sulla homepage: <strong><span style=\"color: #0000ff;\"><a style=\"color: #0000ff;\" href=\"https:\/\/www.camponovorevisionsrecht.ch\/it\/eseminari\/\">https:\/\/www.camponovorevisionsrecht.ch\/it\/eseminari\/<\/a><\/span><\/strong><\/p>\n<p>Per le vostre domande vi preghiamo di rivolgervi direttamente a Rico Camponovo (<a href=\"mailto:rc@camponovorevisionsrecht.ch\"><span style=\"text-decoration: underline;\"><span style=\"color: #0000ff; text-decoration: underline;\">rc@camponovorevisionsrecht.ch<\/span><\/span><\/a>).<\/p>\n<p>&nbsp;<\/p>\n<p><strong>Questions juridiques d\u2019actualit\u00e9 pour l\u2019organe de r\u00e9vision PME \u2013 Formation intensive<\/strong><\/p>\n<p>R\u00e9vision \u2013 Droit \u2013 Organe de r\u00e9vision<\/p>\n<p>FORMATION INTENSIVE<\/p>\n<p>\u201cDroit de la r\u00e9vision en suisse\u201d<\/p>\n<p>&nbsp;<\/p>\n<p>S\u00e9minaire populaire propos\u00e9 aussi en 2025<\/p>\n<p class=\"font_8 wixui-rich-text__text\"><span class=\"wixui-rich-text__text\">Les s\u00e9minaires journaliers les plus suivis de Suisse consacr\u00e9s aux th\u00e8mes du droit de la r\u00e9vision seront \u00e9galement propos\u00e9s en 2025. Les \u00e9ditions entre 2000 et 2014 ont \u00e9t\u00e9 organis\u00e9es par EXPERTsuisse sous la direction de Rico Camponovo pour la Suisse allemande et le Tessin et de Nicolas Cottier pour la Suisse romande. \u00c0 partir de 2015 \u2013 2018, le s\u00e9minaire \u00e9tait organis\u00e9 par le centre de comp\u00e9tence pour le droit de la r\u00e9vision. A partir de 2019, Rico Camponovo, avec Nicolas Cottier en Suisse romande, se chargent directement de l\u2019organisation du s\u00e9minaire.<\/span><\/p>\n<p class=\"font_8 wixui-rich-text__text\"><span class=\"wixui-rich-text__text\"><span class=\"wixGuard wixui-rich-text__text\">\u200b<\/span><\/span><\/p>\n<p>A partir de 2024, Nicolas Cottier sera seul responsable de l\u2019organisation du s\u00e9minaire en Suisse romande. Il pourra toutefois continuer \u00e0 profiter des cas pratiques issus des s\u00e9minaires de Rico Camponovo. Pour l\u2019inscription au s\u00e9minaire utilisez ce lien\u00a0:<\/p>\n<p>&nbsp;<\/p>\n<p><a href=\"https:\/\/www.cdcavocats.ch\/seminaire\">https:\/\/www.cdcavocats.ch\/seminaire<\/a>[\/vc_column_text][\/vc_column][\/vc_row]\n<\/div>","protected":false},"excerpt":{"rendered":"<p>[vc_row][vc_column][vc_column_text] Questioni giuridiche attuali per l\u2019organo di revisione di PMI &#8211; Formazione intensiva [\/vc_column_text][\/vc_column][vc_column][vc_column_text css=&#8221;&#8221;]I seminari sono frequentati ogni anno di pi\u00f9. Le ringrazio molto per questo. Non so ancora se offrir\u00f2 ancora il seminario nel 2026 a causa del mio pensionamento! Tutto dipende del fatto se continuo nel 2026 con gli eseminari o no. [&hellip;]<\/p>\n","protected":false},"author":2,"featured_media":0,"parent":2481,"menu_order":1,"comment_status":"closed","ping_status":"closed","template":"","meta":{"footnotes":""},"class_list":["post-1468","page","type-page","status-publish","hentry"],"_links":{"self":[{"href":"https:\/\/www.camponovorevisionsrecht.ch\/it\/wp-json\/wp\/v2\/pages\/1468","targetHints":{"allow":["GET"]}}],"collection":[{"href":"https:\/\/www.camponovorevisionsrecht.ch\/it\/wp-json\/wp\/v2\/pages"}],"about":[{"href":"https:\/\/www.camponovorevisionsrecht.ch\/it\/wp-json\/wp\/v2\/types\/page"}],"author":[{"embeddable":true,"href":"https:\/\/www.camponovorevisionsrecht.ch\/it\/wp-json\/wp\/v2\/users\/2"}],"replies":[{"embeddable":true,"href":"https:\/\/www.camponovorevisionsrecht.ch\/it\/wp-json\/wp\/v2\/comments?post=1468"}],"version-history":[{"count":8,"href":"https:\/\/www.camponovorevisionsrecht.ch\/it\/wp-json\/wp\/v2\/pages\/1468\/revisions"}],"predecessor-version":[{"id":3499,"href":"https:\/\/www.camponovorevisionsrecht.ch\/it\/wp-json\/wp\/v2\/pages\/1468\/revisions\/3499"}],"up":[{"embeddable":true,"href":"https:\/\/www.camponovorevisionsrecht.ch\/it\/wp-json\/wp\/v2\/pages\/2481"}],"wp:attachment":[{"href":"https:\/\/www.camponovorevisionsrecht.ch\/it\/wp-json\/wp\/v2\/media?parent=1468"}],"curies":[{"name":"wp","href":"https:\/\/api.w.org\/{rel}","templated":true}]}}