{"id":1460,"date":"2018-10-25T08:40:57","date_gmt":"2018-10-25T06:40:57","guid":{"rendered":"https:\/\/www.camponovorevisionsrecht.ch\/?page_id=1460"},"modified":"2024-01-02T17:17:04","modified_gmt":"2024-01-02T15:17:04","slug":"home","status":"publish","type":"page","link":"https:\/\/www.camponovorevisionsrecht.ch\/it\/","title":{"rendered":"Home"},"content":{"rendered":"<div class=\"wpb-content-wrapper\">[vc_row][vc_column][vc_column_text]Willkommen auf der Website von CAMPONOVO REVISIONSRECHT<\/p>\n<p>Rico A. Camponovo dankt Ihnen f\u00fcr Ihr Interesse und freut sich, seine Kanzlei n\u00e4her vorstellen zu d\u00fcrfen. F\u00fcr weitere Informationen steht er Ihnen gerne pers\u00f6nlich zur Verf\u00fcgung.<\/p>\n<p>Rico A. Camponovo ist seit dem Jahr 2012 als freiberuflicher Anwalt mit Schwerpunkt Revisionsrecht t\u00e4tig. Dank fundiertem Fachwissen und mehrj\u00e4hriger Berufserfahrung in der Beratung von Revisionsstellen, kann er seine Klienten effizient und zuverl\u00e4ssig beraten und vor Beh\u00f6rden und Gerichten vertreten. Er ist Ihr juristischer Begleiter mit unternehmerischem Denken, hohen Qualit\u00e4tsanspr\u00fcchen, Professionalit\u00e4t und Diskretion.<\/p>\n<p>Rico A. Camponovo<br \/>\nHofstrasse 6<br \/>\nCH-8853 Lachen<br \/>\nNatel: +41 79 255 59 64<br \/>\nMail: <a href=\"mailto:rc@camponovorevisionsrecht.ch\">rc@camponovorevisionsrecht.ch<\/a>[\/vc_column_text][vc_empty_space height=&#8221;50px&#8221;][\/vc_column][\/vc_row]\n<\/div>","protected":false},"excerpt":{"rendered":"<p>[vc_row][vc_column][vc_column_text]Willkommen auf der Website von CAMPONOVO REVISIONSRECHT Rico A. Camponovo dankt Ihnen f\u00fcr Ihr Interesse und freut sich, seine Kanzlei n\u00e4her vorstellen zu d\u00fcrfen. F\u00fcr weitere Informationen steht er Ihnen gerne pers\u00f6nlich zur Verf\u00fcgung. Rico A. Camponovo ist seit dem Jahr 2012 als freiberuflicher Anwalt mit Schwerpunkt Revisionsrecht t\u00e4tig. Dank fundiertem Fachwissen und mehrj\u00e4hriger Berufserfahrung [&hellip;]<\/p>\n","protected":false},"author":1,"featured_media":0,"parent":0,"menu_order":0,"comment_status":"closed","ping_status":"closed","template":"","meta":{"footnotes":""},"class_list":["post-1460","page","type-page","status-publish","hentry"],"_links":{"self":[{"href":"https:\/\/www.camponovorevisionsrecht.ch\/it\/wp-json\/wp\/v2\/pages\/1460","targetHints":{"allow":["GET"]}}],"collection":[{"href":"https:\/\/www.camponovorevisionsrecht.ch\/it\/wp-json\/wp\/v2\/pages"}],"about":[{"href":"https:\/\/www.camponovorevisionsrecht.ch\/it\/wp-json\/wp\/v2\/types\/page"}],"author":[{"embeddable":true,"href":"https:\/\/www.camponovorevisionsrecht.ch\/it\/wp-json\/wp\/v2\/users\/1"}],"replies":[{"embeddable":true,"href":"https:\/\/www.camponovorevisionsrecht.ch\/it\/wp-json\/wp\/v2\/comments?post=1460"}],"version-history":[{"count":5,"href":"https:\/\/www.camponovorevisionsrecht.ch\/it\/wp-json\/wp\/v2\/pages\/1460\/revisions"}],"predecessor-version":[{"id":3278,"href":"https:\/\/www.camponovorevisionsrecht.ch\/it\/wp-json\/wp\/v2\/pages\/1460\/revisions\/3278"}],"wp:attachment":[{"href":"https:\/\/www.camponovorevisionsrecht.ch\/it\/wp-json\/wp\/v2\/media?parent=1460"}],"curies":[{"name":"wp","href":"https:\/\/api.w.org\/{rel}","templated":true}]}}