{"id":1431,"date":"2020-11-06T16:46:38","date_gmt":"2020-11-06T14:46:38","guid":{"rendered":"https:\/\/www.camponovorevisionsrecht.ch\/portrait\/mitarbeiterin\/"},"modified":"2022-11-03T23:26:47","modified_gmt":"2022-11-03T21:26:47","slug":"mitarbeiterin","status":"publish","type":"page","link":"https:\/\/www.camponovorevisionsrecht.ch\/it\/portrait\/mitarbeiterin\/","title":{"rendered":"Mitarbeiterin"},"content":{"rendered":"<div class=\"wpb-content-wrapper\">[vc_row][vc_column][vc_column_text]\n<h4>MLaw Sara R. Kurath<\/h4>\n<h4><\/h4>\n<h4><\/h4>\n<p>&nbsp;<\/p>\n<h4>Juristische Ausbildung<\/h4>\n<p>2011 &#8211; 2013<br \/>\nStudium der Rechtswissenschaften an der Universit\u00e4t Z\u00fcrich, Master of Law UZH (Business Law)<\/p>\n<p>2007 &#8211; 2011<br \/>\nStudium der Rechtswissenschaften an der Universit\u00e4t Z\u00fcrich, Bachelor of Law UZH[\/vc_column_text][\/vc_column][\/vc_row]\n<\/div>","protected":false},"excerpt":{"rendered":"<p>[vc_row][vc_column][vc_column_text] MLaw Sara R. Kurath &nbsp; Juristische Ausbildung 2011 &#8211; 2013 Studium der Rechtswissenschaften an der Universit\u00e4t Z\u00fcrich, Master of Law UZH (Business Law) 2007 &#8211; 2011 Studium der Rechtswissenschaften an der Universit\u00e4t Z\u00fcrich, Bachelor of Law UZH[\/vc_column_text][\/vc_column][\/vc_row]<\/p>\n","protected":false},"author":1,"featured_media":0,"parent":1428,"menu_order":0,"comment_status":"closed","ping_status":"closed","template":"","meta":{"footnotes":""},"class_list":["post-1431","page","type-page","status-publish","hentry"],"_links":{"self":[{"href":"https:\/\/www.camponovorevisionsrecht.ch\/it\/wp-json\/wp\/v2\/pages\/1431","targetHints":{"allow":["GET"]}}],"collection":[{"href":"https:\/\/www.camponovorevisionsrecht.ch\/it\/wp-json\/wp\/v2\/pages"}],"about":[{"href":"https:\/\/www.camponovorevisionsrecht.ch\/it\/wp-json\/wp\/v2\/types\/page"}],"author":[{"embeddable":true,"href":"https:\/\/www.camponovorevisionsrecht.ch\/it\/wp-json\/wp\/v2\/users\/1"}],"replies":[{"embeddable":true,"href":"https:\/\/www.camponovorevisionsrecht.ch\/it\/wp-json\/wp\/v2\/comments?post=1431"}],"version-history":[{"count":4,"href":"https:\/\/www.camponovorevisionsrecht.ch\/it\/wp-json\/wp\/v2\/pages\/1431\/revisions"}],"predecessor-version":[{"id":2920,"href":"https:\/\/www.camponovorevisionsrecht.ch\/it\/wp-json\/wp\/v2\/pages\/1431\/revisions\/2920"}],"up":[{"embeddable":true,"href":"https:\/\/www.camponovorevisionsrecht.ch\/it\/wp-json\/wp\/v2\/pages\/1428"}],"wp:attachment":[{"href":"https:\/\/www.camponovorevisionsrecht.ch\/it\/wp-json\/wp\/v2\/media?parent=1431"}],"curies":[{"name":"wp","href":"https:\/\/api.w.org\/{rel}","templated":true}]}}