{"id":1428,"date":"2020-11-06T16:45:56","date_gmt":"2020-11-06T14:45:56","guid":{"rendered":"https:\/\/www.camponovorevisionsrecht.ch\/portrait\/"},"modified":"2020-11-07T11:56:17","modified_gmt":"2020-11-07T09:56:17","slug":"portrait","status":"publish","type":"page","link":"https:\/\/www.camponovorevisionsrecht.ch\/it\/portrait\/","title":{"rendered":"Portrait"},"content":{"rendered":"<div class=\"wpb-content-wrapper\">[vc_row][vc_column][vc_single_image image=&#8221;36&#8243; img_size=&#8221;medium&#8221; add_caption=&#8221;yes&#8221;][vc_column_text]\n<h4>Berufliche T\u00e4tigkeiten<\/h4>\n<p>ab 2012<br \/>\nT\u00e4tigkeit als freiberuflicher Rechtsanwalt<\/p>\n<p>30.6.1995 \u2013 30.9.2014<br \/>\nLeiter des Fachteams Revisionsrecht der KPMG, Wirtschaftspr\u00fcfung und Beratung, Z\u00fcrich, Vizedirektor (50 %-Stelle)<\/p>\n<p>1989 \u2013 30.6.1995<br \/>\nLeiter des Rechtsdienstes der Visura Treuhand-Gesellschaft, Z\u00fcrich, (heute: BDO AG) und Fachbereichsleiter f\u00fcr die gesamte Visura Treuhand-Gesellschaft, Vizedirektor (80 %-Stelle)<\/p>\n<p>1988<br \/>\nSubstitut im Anwaltsb\u00fcro Henrici, Wicki &amp; Guggisberg, Z\u00fcrich<\/p>\n<p>1.11.1987 \u2013 31.01.1988<br \/>\nAuditor am Bezirksgericht Z\u00fcrich<\/p>\n<p>1.12.1986 \u2013 31.10.1987<br \/>\nWirtschaftsjurist bei derselben Firma<\/p>\n<p>1983 \u2013 1986<br \/>\nB\u00fccherrevisor bei der Schweizerischen Treuhandgesellschaft, Coopers &amp; Lybrand, Z\u00fcrich<\/p>\n<p>1978 \u2013 1983<br \/>\nSiebdrucker (als Werkstudent), Philips AG, Z\u00fcrich<\/p>\n<p>1974 \u2013 1976<br \/>\nChemielaborant im Kinderspital, Z\u00fcrich<\/p>\n<p>1971 \u2013 1974<br \/>\nChemielaborant bei CIBA-GEIGY, Basel[\/vc_column_text][vc_column_text]\n<h4>Juristische und \u00f6konomische Ausbildung<\/h4>\n<p>1988 \u2013 1989<br \/>\nErwerb des Anwaltspatentes des Kt. Z\u00fcrich<\/p>\n<p>1981 \u2013 1986<br \/>\nStudium der Rechtswissenschaften an der Universit\u00e4t Z\u00fcrich (v. a. Handelsrecht, Zivilprozessrecht\/SchKG, Steuerrecht), lic. iur. (magna cum laude)<\/p>\n<p>1978 \u2013 1983<br \/>\nStudium der Wirtschaftswissenschaften an der Universit\u00e4t Z\u00fcrich, Betriebswirtschaftliche Richtung (v. a. Rechnungswesen, Personalwesen, Informatik), lic. oec. publ. (magna cum laude)[\/vc_column_text][vc_column_text]\n<h4>Andere Ausbildungen<\/h4>\n<p>2017 \u2013 2018<br \/>\nSalsarica \u2013 The Salsa Dance Factory \u2013 Ausbildung zum Salsalehrer und ab 2018 Kursleiter<\/p>\n<p>2016 \u2013 heute<br \/>\nASVZ Akademischer Sportverband Z\u00fcrich \u2013 Leiter Salsaunterricht<\/p>\n<p>2008 \u2013 2011<br \/>\nZTTS Z\u00fcrich Tanz-Theater-Schule, 8005 Z\u00fcrich, Ausbildung zum B\u00fchnent\u00e4nzer und Choreografen<\/p>\n<p>2001 \u2013 2008<br \/>\nStudium der Religionswissenschaften an der Universit\u00e4t Z\u00fcrich (Wahlfach Religionsphilosophie), Bachelor of Arts UZH in Religionswissenschaft, (summa cum laude)<\/p>\n<p>1997 \u2013 2001<br \/>\nTheologische Kurse f\u00fcr katholische Laien TKL mit Abschlusszeugnis vom 6. September 2001<\/p>\n<p>1986 \u2013 1992<br \/>\nASVZ Akademischer Sportverband Z\u00fcrich \u2013 Leiter Konditionstraining<\/p>\n<p>1974 \u2013 1978<br \/>\nAkademikergemeinschaft f\u00fcr Erwachsenenfortbildung AG, Z\u00fcrich, eidg. Matura, Typus D mit Auszeichnung<\/p>\n<p>1971 \u2013 1974<br \/>\nLaborantenlehre CIBA-GEIGY\/Gewerbeschule Basel (eidg. F\u00e4higkeitsausweis mit Auszeichnung)<\/p>\n<p>1970 \u2013 1971<br \/>\nHandelsschulvorbereitung und Franz\u00f6sischjahr in Neuch\u00e2tel<\/p>\n<p>1962 \u2013 1968\/70<br \/>\nPrimarschule\/Sekundarschule in Wald, Z\u00fcrich[\/vc_column_text][vc_column_text]\n<h4>Zulassungen<\/h4>\n<p>2012<br \/>\nEintragung ins Anwaltsregister des Kantons Z\u00fcrich<\/p>\n<p>1989<br \/>\nZulassung als Rechtsanwalt[\/vc_column_text][vc_column_text]\n<h4>Sprachen<\/h4>\n<p>Muttersprache<br \/>\nDeutsch<\/p>\n<p>Fremdsprachen<br \/>\nEnglisch, Franz\u00f6sisch und Italienisch fliessend m\u00fcndlich, Englisch und Franz\u00f6sisch schriftlich<\/p>\n<p>M\u00e4rz 1971<br \/>\nDiplom de l\u2019Alliance Fran\u00e7aise, 101 boulevard Raspail, Paris<\/p>\n<p>Oktober 1994<br \/>\nTest of English as a Foreign Language \u00abTOEFL\u00bb, 643 Punkte<\/p>\n<p>Dezember 1994<br \/>\nUniversity of Cambridge Proficiency, Grade B \u00abGood\u00bb[\/vc_column_text][\/vc_column][\/vc_row]\n<\/div>","protected":false},"excerpt":{"rendered":"<p>[vc_row][vc_column][vc_single_image image=&#8221;36&#8243; img_size=&#8221;medium&#8221; add_caption=&#8221;yes&#8221;][vc_column_text] Berufliche T\u00e4tigkeiten ab 2012 T\u00e4tigkeit als freiberuflicher Rechtsanwalt 30.6.1995 \u2013 30.9.2014 Leiter des Fachteams Revisionsrecht der KPMG, Wirtschaftspr\u00fcfung und Beratung, Z\u00fcrich, Vizedirektor (50 %-Stelle) 1989 \u2013 30.6.1995 Leiter des Rechtsdienstes der Visura Treuhand-Gesellschaft, Z\u00fcrich, (heute: BDO AG) und Fachbereichsleiter f\u00fcr die gesamte Visura Treuhand-Gesellschaft, Vizedirektor (80 %-Stelle) 1988 Substitut im Anwaltsb\u00fcro [&hellip;]<\/p>\n","protected":false},"author":1,"featured_media":0,"parent":0,"menu_order":2,"comment_status":"closed","ping_status":"closed","template":"","meta":{"footnotes":""},"class_list":["post-1428","page","type-page","status-publish","hentry"],"_links":{"self":[{"href":"https:\/\/www.camponovorevisionsrecht.ch\/it\/wp-json\/wp\/v2\/pages\/1428","targetHints":{"allow":["GET"]}}],"collection":[{"href":"https:\/\/www.camponovorevisionsrecht.ch\/it\/wp-json\/wp\/v2\/pages"}],"about":[{"href":"https:\/\/www.camponovorevisionsrecht.ch\/it\/wp-json\/wp\/v2\/types\/page"}],"author":[{"embeddable":true,"href":"https:\/\/www.camponovorevisionsrecht.ch\/it\/wp-json\/wp\/v2\/users\/1"}],"replies":[{"embeddable":true,"href":"https:\/\/www.camponovorevisionsrecht.ch\/it\/wp-json\/wp\/v2\/comments?post=1428"}],"version-history":[{"count":3,"href":"https:\/\/www.camponovorevisionsrecht.ch\/it\/wp-json\/wp\/v2\/pages\/1428\/revisions"}],"predecessor-version":[{"id":1519,"href":"https:\/\/www.camponovorevisionsrecht.ch\/it\/wp-json\/wp\/v2\/pages\/1428\/revisions\/1519"}],"wp:attachment":[{"href":"https:\/\/www.camponovorevisionsrecht.ch\/it\/wp-json\/wp\/v2\/media?parent=1428"}],"curies":[{"name":"wp","href":"https:\/\/api.w.org\/{rel}","templated":true}]}}