{"id":1425,"date":"2020-11-06T16:45:27","date_gmt":"2020-11-06T14:45:27","guid":{"rendered":"https:\/\/www.camponovorevisionsrecht.ch\/newsletter\/newsletter-archiv-archive-archivio\/"},"modified":"2021-09-13T14:16:08","modified_gmt":"2021-09-13T12:16:08","slug":"newsletter-archivio","status":"publish","type":"page","link":"https:\/\/www.camponovorevisionsrecht.ch\/it\/newsletter\/newsletter-archivio\/","title":{"rendered":"Newsletter-Archivio"},"content":{"rendered":"<div class=\"wpb-content-wrapper\">[vc_row][vc_column][vc_column_text]Qui trovate tutte le Newsletter pubblicate fino ad ora:[\/vc_column_text][vc_column_text]\n<h4>Newsletter 28<\/h4>\n<ul>\n<li>Settore della revisione contabile come &#8220;giocattolo&#8221; del parlamento? Abolizione della revisione limitata a rate? <span style=\"text-decoration: underline;\"><a href=\"https:\/\/www.camponovorevisionsrecht.ch\/web\/wp-content\/uploads\/2020\/12\/NL-28_IT-Statistiche-Rev-Limitatal-18.12.20.pdf\" target=\"_blank\" rel=\"noopener noreferrer\"><span style=\"color: #0000ff; text-decoration: underline;\">[pdf]<\/span><\/a><\/span><\/li>\n<\/ul>\n<div class=\"page\" title=\"Page 1\">\n<div class=\"layoutArea\">\n<div class=\"column\"><\/div>\n<\/div>\n<\/div>\n[\/vc_column_text][vc_column_text]\n<h4>Newsletter 27<\/h4>\n<ul>\n<li>\n<div class=\"layoutArea\">\n<div class=\"column\">Abolizione azioni al portatore \u2013 Nuove disposizioni penali per il Consiglio di Amministrazione e per gli azionisti \u2013 Compiti per l\u2019ufficio di revisione <span style=\"text-decoration: underline;\"><a href=\"https:\/\/www.camponovorevisionsrecht.ch\/web\/wp-content\/uploads\/2020\/05\/NL-27_IT.pdf\" target=\"_blank\" rel=\"noopener noreferrer\"><span style=\"color: #0000ff; text-decoration: underline;\">[pdf]<\/span><\/a><\/span><\/div>\n<\/div>\n<\/li>\n<\/ul>\n[\/vc_column_text][vc_column_text]\n<h4>Newsletter 26<\/h4>\n<ul>\n<li>\n<div class=\"layoutArea\">\n<div class=\"column\">\n<p>Illiquidit\u00e0 e Perdite dovute alla crisi relativa al Virus \u2013 Obblighi dell\u2019ufficio di revisione <span style=\"text-decoration: underline;\"><a href=\"https:\/\/www.camponovorevisionsrecht.ch\/web\/wp-content\/uploads\/2020\/04\/NL-26_IT.pdf\" target=\"_blank\" rel=\"noopener noreferrer\"><span style=\"color: #0000ff; text-decoration: underline;\">[pdf]<\/span><\/a><\/span><\/p>\n<\/div>\n<\/div>\n<\/li>\n<\/ul>\n[\/vc_column_text][vc_column_text]\n<h4>Newsletter 25<\/h4>\n<ul>\n<li>\n<div class=\"layoutArea\">\n<div class=\"column\">\n<p>Nuovo compito di revisione per tutti i revisori \u2013 verifica dell\u2019analisi sulla parit\u00e0 salariale dal 1. luglio 2020 <span style=\"text-decoration: underline;\"><a href=\"https:\/\/www.camponovorevisionsrecht.ch\/web\/wp-content\/uploads\/2020\/03\/NL-25_IT.pdf\" target=\"_blank\" rel=\"noopener noreferrer\"><span style=\"color: #0000ff; text-decoration: underline;\">[pdf]<\/span><\/a><\/span><\/p>\n<\/div>\n<\/div>\n<\/li>\n<\/ul>\n[\/vc_column_text][vc_column_text]\n<h4>Newsletter 24<\/h4>\n<ul>\n<li>\n<div class=\"layoutArea\">\n<div class=\"column\">\n<p>Highlights sul rinnovo dell\u2019abilitazione \u2013 Requisiti pubblicati e di fatto <span style=\"text-decoration: underline;\"><a href=\"https:\/\/www.camponovorevisionsrecht.ch\/web\/wp-content\/uploads\/2020\/02\/NL-24_IT.pdf\" target=\"_blank\" rel=\"noopener noreferrer\"><span style=\"color: #0000ff; text-decoration: underline;\">[pdf]<\/span><\/a><\/span><\/p>\n<\/div>\n<\/div>\n<\/li>\n<\/ul>\n[\/vc_column_text][vc_column_text]\n<h4>Newsletter 23<\/h4>\n<ul>\n<li>\n<div class=\"layoutArea\">\n<div class=\"column\">\n<p>Richiamo della relazione di revisione \u2013 Liceit\u00e0 e procedura <span style=\"text-decoration: underline;\"><a href=\"https:\/\/www.camponovorevisionsrecht.ch\/web\/wp-content\/uploads\/2019\/11\/NL-23_IT.pdf\" target=\"_blank\" rel=\"noopener noreferrer\"><span style=\"color: #0000ff; text-decoration: underline;\">[pdf]<\/span><\/a><\/span><\/p>\n<\/div>\n<\/div>\n<\/li>\n<\/ul>\n[\/vc_column_text][vc_column_text]\n<h4>Newsletter 22<\/h4>\n<ul>\n<li>\n<div class=\"layoutArea\">\n<div class=\"column\">\n<p>Abilitazione di impresa \u2013 Revoca automatica in caso di aziende individuali <span style=\"text-decoration: underline;\"><a href=\"https:\/\/www.camponovorevisionsrecht.ch\/web\/wp-content\/uploads\/2019\/04\/NL-22_IT.pdf\" target=\"_blank\" rel=\"noopener noreferrer\"><span style=\"color: #0000ff; text-decoration: underline;\">[pdf]<\/span><\/a><\/span><\/p>\n<\/div>\n<\/div>\n<\/li>\n<\/ul>\n[\/vc_column_text][vc_column_text]\n<h4>Newsletter 21<\/h4>\n<ul>\n<li>\n<div class=\"layoutArea\">\n<div class=\"column\">\n<p>Doppi mandati \u2013 Chi crede di non averne nessuno, ne ha forse almeno uno <span style=\"text-decoration: underline;\"><a href=\"https:\/\/www.camponovorevisionsrecht.ch\/web\/wp-content\/uploads\/2019\/02\/NL-21_IT.pdf\" target=\"_blank\" rel=\"noopener noreferrer\"><span style=\"color: #0000ff; text-decoration: underline;\">[pdf]<\/span><\/a><\/span><\/p>\n<\/div>\n<\/div>\n<\/li>\n<\/ul>\n[\/vc_column_text][vc_column_text]\n<h4>Newsletter 20<\/h4>\n<div class=\"page\" title=\"Page 1\">\n<div class=\"layoutArea\">\n<div class=\"column\">\n<ul>\n<li>\n<div class=\"layoutArea\">\n<div class=\"column\">\n<p>Partecipazione diretta alla societ\u00e0 da verificare \u2013 Storia del portatore dell&#8217;abilitazione &#8211; Tribunale federale richiede modifica della prassi <a href=\"https:\/\/www.camponovorevisionsrecht.ch\/web\/wp-content\/uploads\/2018\/12\/NL-20_IT.pdf\" target=\"_blank\" rel=\"noopener noreferrer\">[<span style=\"text-decoration: underline; color: #0000ff;\">pdf]<\/span><\/a><\/p>\n<\/div>\n<\/div>\n<\/li>\n<\/ul>\n<\/div>\n<\/div>\n<\/div>\n[\/vc_column_text][vc_column_text]\n<h4>Newsletter 19<\/h4>\n<div class=\"page\" title=\"Page 1\">\n<div class=\"layoutArea\">\n<div class=\"column\">\n<ul>\n<li>Esecuzione dei clienti di revisione \u2013 non \u00e8 necessaria l&#8217;esenzine dal segreto professionale? <a href=\"https:\/\/www.camponovorevisionsrecht.ch\/web\/wp-content\/uploads\/2018\/11\/NL-19_IT.pdf\" target=\"_blank\" rel=\"noopener noreferrer\">[<span style=\"text-decoration: underline; color: #0000ff;\">pdf]<\/span><\/a><\/li>\n<\/ul>\n<\/div>\n<\/div>\n<\/div>\n[\/vc_column_text][vc_column_text]\n<h4>Newletter 18<\/h4>\n<ul>\n<li>Nuove disposizioni in materia di indipendenza \u2013 il revisore capo deve identificare tutti gli azionisti del suo datore di lavoro <a href=\"https:\/\/www.camponovorevisionsrecht.ch\/web\/wp-content\/uploads\/2018\/11\/NL-18-IT.pdf\" target=\"_blank\" rel=\"noopener noreferrer\"><span style=\"text-decoration: underline;\"><span style=\"color: #0000ff; text-decoration: underline;\">[pdf]<\/span><\/span><\/a><\/li>\n<\/ul>\n[\/vc_column_text][vc_column_text]\n<h4>Newletter 17<\/h4>\n<ul>\n<li>Nuove disposizioni in materia di indipendenza \u2013 il revisore capo deve identificare tutti gli azionisti del suo datore di lavoro <a href=\"https:\/\/www.camponovorevisionsrecht.ch\/web\/wp-content\/uploads\/2018\/11\/NL-17_IT.pdf\" target=\"_blank\" rel=\"noopener noreferrer\"><span style=\"text-decoration: underline;\"><span style=\"color: #0000ff; text-decoration: underline;\">[pdf]<\/span><\/span><\/a><\/li>\n<\/ul>\n[\/vc_column_text][vc_column_text]\n<h4>Newsletter 16<\/h4>\n<ul>\n<li>Dichiarazione di conformit\u00e0 anche per i fiduciari \u2013 un&#8217;integrazione utile <a href=\"https:\/\/www.camponovorevisionsrecht.ch\/web\/wp-content\/uploads\/2018\/11\/NL-16_IT.pdf\" target=\"_blank\" rel=\"noopener noreferrer\"><span style=\"text-decoration: underline;\"><span style=\"color: #0000ff; text-decoration: underline;\">[pdf]<\/span><\/span><\/a><\/li>\n<\/ul>\n[\/vc_column_text][vc_column_text]\n<h4>Newsletter 15<\/h4>\n<ul>\n<li>Zwischenbilanz Art. 725 Abs. 2 OR &#8211; keine Pr\u00fcfpflicht bei Deponierung duch Verwaltungsrat <a href=\"https:\/\/www.camponovorevisionsrecht.ch\/web\/wp-content\/uploads\/2018\/11\/NL-15_DE.pdf\" target=\"_blank\" rel=\"noopener noreferrer\"><span style=\"text-decoration: underline;\"><span style=\"color: #0000ff; text-decoration: underline;\">[pdf]<\/span><\/span><\/a><\/li>\n<\/ul>\n[\/vc_column_text][vc_column_text]\n<h4>Newsletter 14<\/h4>\n<ul>\n<li>Risikokunden aus Sicht der Revisionsstelle <a href=\"https:\/\/www.camponovorevisionsrecht.ch\/web\/wp-content\/uploads\/2018\/11\/NL-14_DE.pdf\" target=\"_blank\" rel=\"noopener noreferrer\"><span style=\"text-decoration: underline;\"><span style=\"color: #0000ff; text-decoration: underline;\">[pdf]<\/span><\/span><\/a><\/li>\n<\/ul>\n[\/vc_column_text][vc_column_text]\n<h4>Newsletter 13<\/h4>\n<ul>\n<li>Die Rechtspflicht zur Qualit\u00e4tssicherung <a href=\"https:\/\/www.camponovorevisionsrecht.ch\/web\/wp-content\/uploads\/2018\/11\/NL-13_DE.pdf\" target=\"_blank\" rel=\"noopener noreferrer\"><span style=\"text-decoration: underline;\"><span style=\"color: #0000ff; text-decoration: underline;\">[pdf]<\/span><\/span><\/a><\/li>\n<\/ul>\n[\/vc_column_text][vc_column_text]\n<h4>Newsletter 12<\/h4>\n<ul>\n<li>Gr\u00fcndungspr\u00fcfung &#8211; Hochrisikopr\u00fcfung \/ Verantwortlichkeit neuer Bundesgerichtsentscheid <a href=\"https:\/\/www.camponovorevisionsrecht.ch\/web\/wp-content\/uploads\/2018\/11\/NL-12_DE.pdf\" target=\"_blank\" rel=\"noopener noreferrer\"><span style=\"text-decoration: underline;\"><span style=\"color: #0000ff; text-decoration: underline;\">[<\/span><span style=\"color: #0000ff; text-decoration: underline;\">p<\/span><span style=\"color: #0000ff; text-decoration: underline;\">df]<\/span><\/span><\/a><\/li>\n<\/ul>\n[\/vc_column_text][vc_column_text]\n<h4>Newsletter 11<\/h4>\n<ul>\n<li>Ufficio revisione pmi \/ Za qualit\u00e0 sq 1 \/ indipendenza <span style=\"text-decoration: underline;\"><span style=\"color: #0000ff; text-decoration: underline;\"><a style=\"color: #0000ff; text-decoration: underline;\" href=\"https:\/\/www.camponovorevisionsrecht.ch\/web\/wp-content\/uploads\/2018\/11\/NL-11_IT.pdf\" target=\"_blank\" rel=\"noopener noreferrer\">[pdf]<\/a><\/span><\/span><\/li>\n<\/ul>\n[\/vc_column_text][vc_column_text]\n<h4>Newsletter 9<\/h4>\n<ul>\n<li>Iniziativa parlamentare <span style=\"text-decoration: underline;\"><span style=\"color: #0000ff; text-decoration: underline;\"><a style=\"color: #0000ff; text-decoration: underline;\" href=\"https:\/\/www.camponovorevisionsrecht.ch\/web\/wp-content\/uploads\/2018\/11\/NL-9_DE_FR_IT.pdf\" target=\"_blank\" rel=\"noopener noreferrer\">[pdf]<\/a><\/span><\/span><\/li>\n<\/ul>\n[\/vc_column_text][vc_column_text]\n<h4>Newsletter 8<\/h4>\n<ul>\n<li>Einpersonen-Revisionsunternehmen \/ Qualit\u00e4tssicherung \/ Massnahmen bis 1. September 2016 <a href=\"https:\/\/www.camponovorevisionsrecht.ch\/web\/wp-content\/uploads\/2018\/11\/NL-8_DE.pdf\" target=\"_blank\" rel=\"noopener noreferrer\"><span style=\"text-decoration: underline;\"><span style=\"color: #0000ff; text-decoration: underline;\">[<\/span><span style=\"color: #0000ff; text-decoration: underline;\">p<\/span><span style=\"color: #0000ff; text-decoration: underline;\">df]<\/span><\/span><\/a><\/li>\n<\/ul>\n[\/vc_column_text][vc_column_text]\n<h4>Newsletter 7<\/h4>\n<ul>\n<li>Unerwarteter Mehraufwand der Revisionsstelle \/ Gerichtsentscheid erkl\u00e4rt Verrechnung als zul\u00e4ssig <a href=\"https:\/\/www.camponovorevisionsrecht.ch\/web\/wp-content\/uploads\/2018\/11\/NL-7_DE.pdf\" target=\"_blank\" rel=\"noopener noreferrer\"><span style=\"text-decoration: underline;\"><span style=\"color: #0000ff; text-decoration: underline;\">[<\/span><span style=\"color: #0000ff; text-decoration: underline;\">p<\/span><span style=\"color: #0000ff; text-decoration: underline;\">df]<\/span><\/span><\/a><\/li>\n<\/ul>\n[\/vc_column_text][vc_column_text]\n<h4>Newsletter 6<\/h4>\n<ul>\n<li>Entwicklung in der Branche \/ Alleingang von EXPERTsuisse zum Schaden der KMU Revisionsstellen <a href=\"https:\/\/www.camponovorevisionsrecht.ch\/web\/wp-content\/uploads\/2018\/11\/NL-6_DE.pdf\" target=\"_blank\" rel=\"noopener noreferrer\"><span style=\"text-decoration: underline;\"><span style=\"color: #0000ff; text-decoration: underline;\">[<\/span><span style=\"color: #0000ff; text-decoration: underline;\">p<\/span><span style=\"color: #0000ff; text-decoration: underline;\">df]<\/span><\/span><\/a><\/li>\n<\/ul>\n[\/vc_column_text][vc_column_text]\n<h4>Newsletter 5<\/h4>\n<ul>\n<li>Alleingang von EXPERTsuisse \u2013 Unn\u00f6tige Versch\u00e4rfung der Unsicherheit in der Branche <a href=\"https:\/\/www.camponovorevisionsrecht.ch\/web\/wp-content\/uploads\/2018\/11\/NL-5_DE.pdf\" target=\"_blank\" rel=\"noopener noreferrer\"><span style=\"text-decoration: underline;\"><span style=\"color: #0000ff; text-decoration: underline;\">[<\/span><span style=\"color: #0000ff; text-decoration: underline;\">p<\/span><span style=\"color: #0000ff; text-decoration: underline;\">df]<\/span><\/span><\/a><\/li>\n<\/ul>\n[\/vc_column_text][vc_column_text]\n<h4>Newsletter 4<\/h4>\n<ul>\n<li>Entwicklungen im Aufsichtsrecht &#8211; neue Auskunftsrechte der RAB gegen\u00fcber Revisionsstellen bei eingeschr\u00e4nkter Revision? <a href=\"https:\/\/www.camponovorevisionsrecht.ch\/web\/wp-content\/uploads\/2018\/11\/NL-4_DE.pdf\" target=\"_blank\" rel=\"noopener noreferrer\"><span style=\"text-decoration: underline;\"><span style=\"color: #0000ff; text-decoration: underline;\">[<\/span><span style=\"color: #0000ff; text-decoration: underline;\">p<\/span><span style=\"color: #0000ff; text-decoration: underline;\">df]<\/span><\/span><\/a><\/li>\n<\/ul>\n[\/vc_column_text][vc_column_text]\n<h4>Newsletter 3<\/h4>\n<ul>\n<li>Parlamentarische Neulancierung der eingeschr\u00e4nkten Revision mit Doppelmandat durch TREUHAND|SUISSE <a href=\"https:\/\/www.camponovorevisionsrecht.ch\/web\/wp-content\/uploads\/2018\/11\/NL-3_DE.pdf\" target=\"_blank\" rel=\"noopener noreferrer\"><span style=\"text-decoration: underline;\"><span style=\"color: #0000ff; text-decoration: underline;\">[<\/span><span style=\"color: #0000ff; text-decoration: underline;\">p<\/span><span style=\"color: #0000ff; text-decoration: underline;\">df]<\/span><\/span><\/a><\/li>\n<\/ul>\n[\/vc_column_text][vc_column_text]\n<h4>Newsletter 2<\/h4>\n<ul>\n<li>Eintrag des Opting-out ohne Revisionsbericht neu m\u00f6glich <a href=\"https:\/\/www.camponovorevisionsrecht.ch\/web\/wp-content\/uploads\/2018\/11\/NL-2_DE.pdf\" target=\"_blank\" rel=\"noopener noreferrer\"><span style=\"text-decoration: underline;\"><span style=\"color: #0000ff; text-decoration: underline;\">[<\/span><span style=\"color: #0000ff; text-decoration: underline;\">p<\/span><span style=\"color: #0000ff; text-decoration: underline;\">df]<\/span><\/span><\/a><\/li>\n<\/ul>\n[\/vc_column_text][vc_column_text]\n<h4>Newsletter 1<\/h4>\n<ul>\n<li>Revisor freigesprochen <a href=\"https:\/\/www.camponovorevisionsrecht.ch\/web\/wp-content\/uploads\/2018\/11\/NL-1_DE.pdf\" target=\"_blank\" rel=\"noopener noreferrer\"><span style=\"text-decoration: underline;\"><span style=\"color: #0000ff; text-decoration: underline;\">[<\/span><span style=\"color: #0000ff; text-decoration: underline;\">p<\/span><span style=\"color: #0000ff; text-decoration: underline;\">df]<\/span><\/span><\/a><\/li>\n<\/ul>\n[\/vc_column_text][\/vc_column][\/vc_row]\n<\/div>","protected":false},"excerpt":{"rendered":"<p>[vc_row][vc_column][vc_column_text]Qui trovate tutte le Newsletter pubblicate fino ad ora:[\/vc_column_text][vc_column_text] Newsletter 28 Settore della revisione contabile come &#8220;giocattolo&#8221; del parlamento? Abolizione della revisione limitata a rate? [pdf] [\/vc_column_text][vc_column_text] Newsletter 27 Abolizione azioni al portatore \u2013 Nuove disposizioni penali per il Consiglio di Amministrazione e per gli azionisti \u2013 Compiti per l\u2019ufficio di revisione [pdf] [\/vc_column_text][vc_column_text] Newsletter [&hellip;]<\/p>\n","protected":false},"author":2,"featured_media":0,"parent":1422,"menu_order":1,"comment_status":"closed","ping_status":"closed","template":"","meta":{"footnotes":""},"class_list":["post-1425","page","type-page","status-publish","hentry"],"_links":{"self":[{"href":"https:\/\/www.camponovorevisionsrecht.ch\/it\/wp-json\/wp\/v2\/pages\/1425","targetHints":{"allow":["GET"]}}],"collection":[{"href":"https:\/\/www.camponovorevisionsrecht.ch\/it\/wp-json\/wp\/v2\/pages"}],"about":[{"href":"https:\/\/www.camponovorevisionsrecht.ch\/it\/wp-json\/wp\/v2\/types\/page"}],"author":[{"embeddable":true,"href":"https:\/\/www.camponovorevisionsrecht.ch\/it\/wp-json\/wp\/v2\/users\/2"}],"replies":[{"embeddable":true,"href":"https:\/\/www.camponovorevisionsrecht.ch\/it\/wp-json\/wp\/v2\/comments?post=1425"}],"version-history":[{"count":5,"href":"https:\/\/www.camponovorevisionsrecht.ch\/it\/wp-json\/wp\/v2\/pages\/1425\/revisions"}],"predecessor-version":[{"id":2510,"href":"https:\/\/www.camponovorevisionsrecht.ch\/it\/wp-json\/wp\/v2\/pages\/1425\/revisions\/2510"}],"up":[{"embeddable":true,"href":"https:\/\/www.camponovorevisionsrecht.ch\/it\/wp-json\/wp\/v2\/pages\/1422"}],"wp:attachment":[{"href":"https:\/\/www.camponovorevisionsrecht.ch\/it\/wp-json\/wp\/v2\/media?parent=1425"}],"curies":[{"name":"wp","href":"https:\/\/api.w.org\/{rel}","templated":true}]}}