{"id":1413,"date":"2020-11-06T16:10:18","date_gmt":"2020-11-06T14:10:18","guid":{"rendered":"https:\/\/www.camponovorevisionsrecht.ch\/referate\/"},"modified":"2020-11-07T11:51:15","modified_gmt":"2020-11-07T09:51:15","slug":"referate","status":"publish","type":"page","link":"https:\/\/www.camponovorevisionsrecht.ch\/it\/referate\/","title":{"rendered":"Referate"},"content":{"rendered":"<div class=\"wpb-content-wrapper\">[vc_row][vc_column][vc_column_text]\n<h4><span class=\"tl\">Revision Recht Revisionsstelle<\/span><\/h4>\n<p>Ab 2019 als Referent, Workshopleiter und Ausbildner f\u00fcr Wirtschaftspr\u00fcfer und Treuh\u00e4nder<\/p>\n<p>Im Jahre 2018 bestand das Engagement in der Vorbereitung und Leitung von 76 Workshops \u00e0 90 Minuten mit mehreren Hundert Teilnehmern an 19 Durchf\u00fchrungsorten in der ganzen Schweiz[\/vc_column_text][vc_column_text]\n<h4><span class=\"tl\">Kompetenzzentrum Revisionsrecht<\/span><\/h4>\n<p>Seit 2015 als Referent, Workshopleiter und Ausbilder f\u00fcr Wirtschaftspr\u00fcfer und Treuh\u00e4nder<\/p>\n<p>Im Jahre 2015 z.B. bestand das Engagement in der Vorbereitung und Leitung von 48 Workshops \u00e0 90 Min. (total ca. 400 Teilnehmer) an 12 verschiedenen Durchf\u00fchrungsorten in der ganzen Schweiz[\/vc_column_text][vc_column_text]\n<h4><span class=\"tl\">Akademie der Treuhand-Kammer (gesamtschweizerischer Fachverband der Wirtschaftspr\u00fcfer)<\/span><\/h4>\n<p>Seit 1998 bis 2014 als Referent, Workshopleiter und Ausbilder f\u00fcr Wirtschaftspr\u00fcfer und Treuh\u00e4nder<\/p>\n<p>Im Jahre 2012 z.B. bestand das Engagement in der Vorbereitung und Leitung von 21 Workshops \u00e0 90 Min. (total ca. 500 Teilnehmer) und div. Referaten (\u00e0 1 bis 1,5 Std.)[\/vc_column_text][vc_column_text]\n<h4><span class=\"tl\">Z\u00fcrcher Hochschule Winterthur ZHAW<\/span><\/h4>\n<p>Zwei halbt\u00e4gige Workshops pro Jahr f\u00fcr Juristen und Betriebswirtschafter<\/p>\n[\/vc_column_text][vc_column_text]\n<h4><span class=\"tl\">Unternehmerforum Schweiz<\/span><\/h4>\n<p>J\u00e4hrliche Durchf\u00fchrung von diversen Referaten und Workshops (total ca. 500 Teilnehmer)<\/p>\n[\/vc_column_text][vc_column_text]\n<h4><span class=\"tl\">Veb.ch schweizerischer Verband der dipl. Experten in Rechnungslegung und Controlling, Z\u00fcrich<\/span><\/h4>\n<p>J\u00e4hrliche Durchf\u00fchrung von diversen Referaten und Workshops (total ca. 200 Teilnehmer)<\/p>\n[\/vc_column_text][vc_column_text]\n<h4><span class=\"tl\">TREUHAND | SUISSE schweizerischer Treuh\u00e4nderverband, Bern<\/span><\/h4>\n<p>J\u00e4hrliche Durchf\u00fchrung von diversen Referaten und Workshops (total ca. 200 Teilnehmer)<\/p>\n[\/vc_column_text][vc_column_text]\n<h4><span class=\"tl\">Fachhochschule beider Basel<\/span><\/h4>\n<p>Durchf\u00fchrung eines Workshops f\u00fcr ein Nachdiplomstudium Umwelt\/Pr\u00e4sentation eines Fallbeispieles f\u00fcr ethische Fragestellungen und Entscheide in Grosskonzernen und bei internationalen Wirtschaftspr\u00fcfern im Jahr 2003<\/p>\n[\/vc_column_text][vc_column_text]\n<h4><span class=\"tl\">Diverse weitere Referate<\/span><\/h4>\n<p>Durchf\u00fchrung von Workshops und Referaten in Einzelf\u00e4llen f\u00fcr Anwaltsb\u00fcros, Treuhandfirmen etc.<\/p>\n[\/vc_column_text][\/vc_column][\/vc_row]\n<\/div>","protected":false},"excerpt":{"rendered":"<p>[vc_row][vc_column][vc_column_text] Revision Recht Revisionsstelle Ab 2019 als Referent, Workshopleiter und Ausbildner f\u00fcr Wirtschaftspr\u00fcfer und Treuh\u00e4nder Im Jahre 2018 bestand das Engagement in der Vorbereitung und Leitung von 76 Workshops \u00e0 90 Minuten mit mehreren Hundert Teilnehmern an 19 Durchf\u00fchrungsorten in der ganzen Schweiz[\/vc_column_text][vc_column_text] Kompetenzzentrum Revisionsrecht Seit 2015 als Referent, Workshopleiter und Ausbilder f\u00fcr Wirtschaftspr\u00fcfer und [&hellip;]<\/p>\n","protected":false},"author":1,"featured_media":0,"parent":0,"menu_order":6,"comment_status":"closed","ping_status":"closed","template":"","meta":{"footnotes":""},"class_list":["post-1413","page","type-page","status-publish","hentry"],"_links":{"self":[{"href":"https:\/\/www.camponovorevisionsrecht.ch\/it\/wp-json\/wp\/v2\/pages\/1413","targetHints":{"allow":["GET"]}}],"collection":[{"href":"https:\/\/www.camponovorevisionsrecht.ch\/it\/wp-json\/wp\/v2\/pages"}],"about":[{"href":"https:\/\/www.camponovorevisionsrecht.ch\/it\/wp-json\/wp\/v2\/types\/page"}],"author":[{"embeddable":true,"href":"https:\/\/www.camponovorevisionsrecht.ch\/it\/wp-json\/wp\/v2\/users\/1"}],"replies":[{"embeddable":true,"href":"https:\/\/www.camponovorevisionsrecht.ch\/it\/wp-json\/wp\/v2\/comments?post=1413"}],"version-history":[{"count":3,"href":"https:\/\/www.camponovorevisionsrecht.ch\/it\/wp-json\/wp\/v2\/pages\/1413\/revisions"}],"predecessor-version":[{"id":1516,"href":"https:\/\/www.camponovorevisionsrecht.ch\/it\/wp-json\/wp\/v2\/pages\/1413\/revisions\/1516"}],"wp:attachment":[{"href":"https:\/\/www.camponovorevisionsrecht.ch\/it\/wp-json\/wp\/v2\/media?parent=1413"}],"curies":[{"name":"wp","href":"https:\/\/api.w.org\/{rel}","templated":true}]}}