{"id":1410,"date":"2020-11-06T16:09:21","date_gmt":"2020-11-06T14:09:21","guid":{"rendered":"https:\/\/www.camponovorevisionsrecht.ch\/tatigkeitsfeld\/"},"modified":"2020-11-06T16:09:21","modified_gmt":"2020-11-06T14:09:21","slug":"tatigkeitsfeld","status":"publish","type":"page","link":"https:\/\/www.camponovorevisionsrecht.ch\/it\/tatigkeitsfeld\/","title":{"rendered":"T\u00e4tigkeitsfeld"},"content":{"rendered":"<div class=\"wpb-content-wrapper\">[vc_row][vc_column][vc_column_text]\n<h4>Revisionsstelle<\/h4>\n<ul>\n<li>Generelle Anzeigepflichten und insb. Anzeige durch die Revisionsstelle beim Richter bei offensichtlicher \u00dcberschuldung<\/li>\n<li>Revisionspflicht bei Ordentlicher und Eingeschr\u00e4nkter Revision sowie Opting-System, Anforderungen an Qualifikation, Zulassung und Unabh\u00e4ngigkeit<\/li>\n<li>Aufgaben bei Pr\u00fcfung von Jahres- und Konzernabschluss sowie Gewinnverwendung, Berichterstattung, Einschr\u00e4nkungen, Zus\u00e4tze<\/li>\n<li>Wahl, Dauer und Beendigung von Revisionstellen-Mandaten, Geheimhaltungs- und Auskunftspflichten, Aktenaufbewahrungs- und Aktenherausgabepflichten<\/li>\n<li>Statutarische oder vertragliche Erweiterungen der Aufgaben<\/li>\n<li>Vertretung von Revisionsstellen in Verantwortlichkeitsklagen, bei Strafverfahren und Forderungseintreibungen<\/li>\n<li>Spezielle Berichterstattung bei Gr\u00fcndung, Kapitalerh\u00f6hung, -herabsetzung, Aufwertungen von Beteiligungen und Immobilien, Zwischenbilanzen nach Art. 725 Abs. 2 OR, freiwilliger Liquidation, Fusion, Sitzverlegung einer ausl\u00e4ndischen Unternehmung in die Schweiz<\/li>\n<\/ul>\n[\/vc_column_text][vc_column_text]\n<h4>Fachgebiete<\/h4>\n<ul>\n<li>Recht der Revisionsstelle, Bilanzierungs-, Erfolgsrechnungs- und Anhangsfragen, Ab\u00e4nderung ausgestellter Revisionsberichte<\/li>\n<li>Allgemeines und spezielles Rechnungslegungsrecht, Eigene Aktien, R\u00fcckzahlungen des einbezahlten Kapitals, Rangr\u00fccktritt, Nachrangigkeit von Fremdkapital<\/li>\n<li>Kapitalverlust, \u00dcberschuldung, Liquidit\u00e4t, Zahlungsunf\u00e4higkeit<\/li>\n<\/ul>\n[\/vc_column_text][vc_column_text]\n<h4>Gutachten<\/h4>\n<ul>\n<li>Gutachtenserstellungen bez\u00fcglich\n<ul>\n<li>Pflichtverletzungen bei Erstellung der Jahresrechnung durch den Verwaltungsrat<\/li>\n<li>Pflichtverletzungen bei Pr\u00fcfung der Jahresrechnung oder anderen Pr\u00fcfungshandlungen der Revisionsstelle<\/li>\n<li>ad\u00e4quatem Kausalzusammenhang und Verschulden<\/li>\n<\/ul>\n<\/li>\n<li>Schadensberechnungen f\u00fcr Verantwortlichkeitsklagen<\/li>\n<li>Wirtschaftsdelikten<\/li>\n<\/ul>\n[\/vc_column_text][vc_column_text]\n<h4>Kunden<\/h4>\n<ul>\n<li>Betreuung von Revisionsstellen von Aktiengesellschaften, GmbH\u2018s, Genossenschaften, Vereinen und Stiftungen<\/li>\n<li>Beratung von Wirtschaftspr\u00fcfern, Revisoren, Branchenverb\u00e4nden im Bereich Buchf\u00fchrung &amp; Revision<\/li>\n<li>Beratung von Rechtsanw\u00e4lten und Verwaltungsr\u00e4ten im Revisions- und Rechnungslegungsrecht<\/li>\n<li>Gutachten f\u00fcr Gerichte, Strafverfolgungsbeh\u00f6rden und prozessf\u00fchrende Rechtsanw\u00e4lte<\/li>\n<li>Vertretung von Revisionsstellen und Revisoren in Verantwortlichkeitsklagen, bei Strafverfahren und Forderungseintreibungen<\/li>\n<li>Beratung von Treuh\u00e4ndern bei Buchhaltungs- und Abschlussmandaten, Pflichten, Abgrenzungen, Risikomanagement und Haftungsbeschr\u00e4nkungen<\/li>\n<\/ul>\n[\/vc_column_text][\/vc_column][\/vc_row]\n<\/div>","protected":false},"excerpt":{"rendered":"<p>[vc_row][vc_column][vc_column_text] Revisionsstelle Generelle Anzeigepflichten und insb. Anzeige durch die Revisionsstelle beim Richter bei offensichtlicher \u00dcberschuldung Revisionspflicht bei Ordentlicher und Eingeschr\u00e4nkter Revision sowie Opting-System, Anforderungen an Qualifikation, Zulassung und Unabh\u00e4ngigkeit Aufgaben bei Pr\u00fcfung von Jahres- und Konzernabschluss sowie Gewinnverwendung, Berichterstattung, Einschr\u00e4nkungen, Zus\u00e4tze Wahl, Dauer und Beendigung von Revisionstellen-Mandaten, Geheimhaltungs- und Auskunftspflichten, Aktenaufbewahrungs- und Aktenherausgabepflichten Statutarische oder [&hellip;]<\/p>\n","protected":false},"author":1,"featured_media":0,"parent":0,"menu_order":1,"comment_status":"closed","ping_status":"closed","template":"","meta":{"footnotes":""},"class_list":["post-1410","page","type-page","status-publish","hentry"],"_links":{"self":[{"href":"https:\/\/www.camponovorevisionsrecht.ch\/it\/wp-json\/wp\/v2\/pages\/1410","targetHints":{"allow":["GET"]}}],"collection":[{"href":"https:\/\/www.camponovorevisionsrecht.ch\/it\/wp-json\/wp\/v2\/pages"}],"about":[{"href":"https:\/\/www.camponovorevisionsrecht.ch\/it\/wp-json\/wp\/v2\/types\/page"}],"author":[{"embeddable":true,"href":"https:\/\/www.camponovorevisionsrecht.ch\/it\/wp-json\/wp\/v2\/users\/1"}],"replies":[{"embeddable":true,"href":"https:\/\/www.camponovorevisionsrecht.ch\/it\/wp-json\/wp\/v2\/comments?post=1410"}],"version-history":[{"count":2,"href":"https:\/\/www.camponovorevisionsrecht.ch\/it\/wp-json\/wp\/v2\/pages\/1410\/revisions"}],"predecessor-version":[{"id":1412,"href":"https:\/\/www.camponovorevisionsrecht.ch\/it\/wp-json\/wp\/v2\/pages\/1410\/revisions\/1412"}],"wp:attachment":[{"href":"https:\/\/www.camponovorevisionsrecht.ch\/it\/wp-json\/wp\/v2\/media?parent=1410"}],"curies":[{"name":"wp","href":"https:\/\/api.w.org\/{rel}","templated":true}]}}